{"id":17,"date":"2023-08-14T17:24:30","date_gmt":"2023-08-14T17:24:30","guid":{"rendered":"https:\/\/www.boehmischer-garten.de\/?page_id=17"},"modified":"2025-09-05T07:11:32","modified_gmt":"2025-09-05T07:11:32","slug":"restaurant","status":"publish","type":"page","link":"https:\/\/www.boehmischer-garten.de\/index.php\/restaurant\/","title":{"rendered":"Restaurant"},"content":{"rendered":"\n<h2 class=\"wp-block-heading\">Unser Restaurant<\/h2>\n\n\n\n<p>Wir freuen uns, dass Sie unser Restaurant B\u00f6hmischer Garten besuchen wollen. Bei uns bekommen Sie die ganze Vielfalt der \u00f6sterreichisch-ungarischen K\u00fcche, <strong>denn wir wechseln cca. alle 2 Monate die Speisekarte.<\/strong><\/p>\n\n\n\n<p>Unser Restaurant bietet 24 Pl\u00e4tze im Innenraum und ca. 20 Pl\u00e4tze im Garten. Daher ist es nur m\u00f6glich bis max. 6 Personen vorzubestellen. Im Zweifelsfalle fragen Sie einfach nach, Telefon: 030 50 88 191.<\/p>\n\n\n\n<p>Ansonsten sagen Bilder mehr als Worte &#8230;<\/p>\n\n\n\n<p>Beispiel Bilder unsere Gerichte, die aktuelle Speisekarte finden Sie hier <a href=\"http:\/\/boehmischer-garten.de\/index.php\/speisekarte\/\" title=\"\">http:\/\/boehmischer-garten.de\/index.php\/speisekarte\/<\/a><\/p>\n\n\n\n<p><\/p>\n\n\n\n<figure class=\"wp-block-gallery has-nested-images columns-default is-cropped wp-block-gallery-1 is-layout-flex wp-block-gallery-is-layout-flex\">\n<figure class=\"wp-block-image size-large\"><img loading=\"lazy\" decoding=\"async\" width=\"1024\" height=\"768\" data-id=\"56\" src=\"https:\/\/www.boehmischer-garten.de\/wp-content\/uploads\/2023\/08\/Bild_01-1024x768.jpg\" alt=\"\" class=\"wp-image-56\" srcset=\"https:\/\/www.boehmischer-garten.de\/wp-content\/uploads\/2023\/08\/Bild_01-1024x768.jpg 1024w, https:\/\/www.boehmischer-garten.de\/wp-content\/uploads\/2023\/08\/Bild_01-300x225.jpg 300w, https:\/\/www.boehmischer-garten.de\/wp-content\/uploads\/2023\/08\/Bild_01-768x576.jpg 768w, https:\/\/www.boehmischer-garten.de\/wp-content\/uploads\/2023\/08\/Bild_01.jpg 1200w\" sizes=\"auto, (max-width: 1024px) 100vw, 1024px\" \/><\/figure>\n\n\n\n<figure class=\"wp-block-image size-full\"><img loading=\"lazy\" decoding=\"async\" width=\"336\" height=\"448\" data-id=\"287\" src=\"https:\/\/www.boehmischer-garten.de\/wp-content\/uploads\/2023\/09\/austauschen.jpeg\" alt=\"\" class=\"wp-image-287\" srcset=\"https:\/\/www.boehmischer-garten.de\/wp-content\/uploads\/2023\/09\/austauschen.jpeg 336w, https:\/\/www.boehmischer-garten.de\/wp-content\/uploads\/2023\/09\/austauschen-225x300.jpeg 225w\" sizes=\"auto, (max-width: 336px) 100vw, 336px\" \/><figcaption class=\"wp-element-caption\">\u010cernohor<\/figcaption><\/figure>\n\n\n\n<figure class=\"wp-block-image size-large\"><img loading=\"lazy\" decoding=\"async\" width=\"768\" height=\"1024\" data-id=\"50\" src=\"https:\/\/www.boehmischer-garten.de\/wp-content\/uploads\/2023\/08\/Bild_04-768x1024.jpg\" alt=\"\" class=\"wp-image-50\" srcset=\"https:\/\/www.boehmischer-garten.de\/wp-content\/uploads\/2023\/08\/Bild_04-768x1024.jpg 768w, https:\/\/www.boehmischer-garten.de\/wp-content\/uploads\/2023\/08\/Bild_04-225x300.jpg 225w, https:\/\/www.boehmischer-garten.de\/wp-content\/uploads\/2023\/08\/Bild_04.jpg 900w\" sizes=\"auto, (max-width: 768px) 100vw, 768px\" \/><figcaption class=\"wp-element-caption\">Mila\u0107ik<\/figcaption><\/figure>\n\n\n\n<figure class=\"wp-block-image size-large\"><img loading=\"lazy\" decoding=\"async\" width=\"768\" height=\"1024\" data-id=\"54\" src=\"https:\/\/www.boehmischer-garten.de\/wp-content\/uploads\/2023\/08\/Bild_06-768x1024.jpg\" alt=\"\" class=\"wp-image-54\" srcset=\"https:\/\/www.boehmischer-garten.de\/wp-content\/uploads\/2023\/08\/Bild_06-768x1024.jpg 768w, https:\/\/www.boehmischer-garten.de\/wp-content\/uploads\/2023\/08\/Bild_06-225x300.jpg 225w, https:\/\/www.boehmischer-garten.de\/wp-content\/uploads\/2023\/08\/Bild_06.jpg 900w\" sizes=\"auto, (max-width: 768px) 100vw, 768px\" \/><figcaption class=\"wp-element-caption\">Nakladan\u00fd hermel\u00edn<\/figcaption><\/figure>\n\n\n\n<figure class=\"wp-block-image size-large\"><img loading=\"lazy\" decoding=\"async\" width=\"1024\" height=\"768\" data-id=\"49\" src=\"https:\/\/www.boehmischer-garten.de\/wp-content\/uploads\/2023\/08\/Bild_07-1024x768.jpg\" alt=\"\" class=\"wp-image-49\" srcset=\"https:\/\/www.boehmischer-garten.de\/wp-content\/uploads\/2023\/08\/Bild_07-1024x768.jpg 1024w, https:\/\/www.boehmischer-garten.de\/wp-content\/uploads\/2023\/08\/Bild_07-300x225.jpg 300w, https:\/\/www.boehmischer-garten.de\/wp-content\/uploads\/2023\/08\/Bild_07-768x576.jpg 768w, https:\/\/www.boehmischer-garten.de\/wp-content\/uploads\/2023\/08\/Bild_07.jpg 1200w\" sizes=\"auto, (max-width: 1024px) 100vw, 1024px\" \/><figcaption class=\"wp-element-caption\">Kubo<\/figcaption><\/figure>\n\n\n\n<figure class=\"wp-block-image size-full\"><img loading=\"lazy\" decoding=\"async\" width=\"768\" height=\"1024\" data-id=\"236\" src=\"https:\/\/www.boehmischer-garten.de\/wp-content\/uploads\/2023\/08\/IMG_2494.jpg\" alt=\"\" class=\"wp-image-236\" srcset=\"https:\/\/www.boehmischer-garten.de\/wp-content\/uploads\/2023\/08\/IMG_2494.jpg 768w, https:\/\/www.boehmischer-garten.de\/wp-content\/uploads\/2023\/08\/IMG_2494-225x300.jpg 225w\" sizes=\"auto, (max-width: 768px) 100vw, 768px\" \/><\/figure>\n<\/figure>\n\n\n\n<figure class=\"wp-block-gallery has-nested-images columns-default is-cropped wp-block-gallery-2 is-layout-flex wp-block-gallery-is-layout-flex\">\n<figure class=\"wp-block-image size-large\"><img loading=\"lazy\" decoding=\"async\" width=\"768\" height=\"960\" data-id=\"235\" src=\"https:\/\/www.boehmischer-garten.de\/wp-content\/uploads\/2023\/08\/d169466d-d7c1-466a-9574-ec18b9b12ac1.jpg\" alt=\"\" class=\"wp-image-235\" srcset=\"https:\/\/www.boehmischer-garten.de\/wp-content\/uploads\/2023\/08\/d169466d-d7c1-466a-9574-ec18b9b12ac1.jpg 768w, https:\/\/www.boehmischer-garten.de\/wp-content\/uploads\/2023\/08\/d169466d-d7c1-466a-9574-ec18b9b12ac1-240x300.jpg 240w\" sizes=\"auto, (max-width: 768px) 100vw, 768px\" \/><figcaption class=\"wp-element-caption\">Kotl\u00edkov\u00fd gula\u0161<\/figcaption><\/figure>\n\n\n\n<figure class=\"wp-block-image size-large\"><img loading=\"lazy\" decoding=\"async\" width=\"336\" height=\"336\" data-id=\"229\" src=\"https:\/\/www.boehmischer-garten.de\/wp-content\/uploads\/2023\/08\/D3625787-33CC-4D16-8061-2DE9E26D0964_kl.jpg\" alt=\"\" class=\"wp-image-229\" srcset=\"https:\/\/www.boehmischer-garten.de\/wp-content\/uploads\/2023\/08\/D3625787-33CC-4D16-8061-2DE9E26D0964_kl.jpg 336w, https:\/\/www.boehmischer-garten.de\/wp-content\/uploads\/2023\/08\/D3625787-33CC-4D16-8061-2DE9E26D0964_kl-300x300.jpg 300w, https:\/\/www.boehmischer-garten.de\/wp-content\/uploads\/2023\/08\/D3625787-33CC-4D16-8061-2DE9E26D0964_kl-150x150.jpg 150w\" sizes=\"auto, (max-width: 336px) 100vw, 336px\" \/><figcaption class=\"wp-element-caption\">Svi\u010dkov\u00e1 na smetan\u011b<\/figcaption><\/figure>\n\n\n\n<figure class=\"wp-block-image size-large\"><img loading=\"lazy\" decoding=\"async\" width=\"768\" height=\"1024\" data-id=\"241\" src=\"https:\/\/www.boehmischer-garten.de\/wp-content\/uploads\/2023\/08\/IMG_0343-768x1024.jpg\" alt=\"\" class=\"wp-image-241\" srcset=\"https:\/\/www.boehmischer-garten.de\/wp-content\/uploads\/2023\/08\/IMG_0343-768x1024.jpg 768w, https:\/\/www.boehmischer-garten.de\/wp-content\/uploads\/2023\/08\/IMG_0343-225x300.jpg 225w, https:\/\/www.boehmischer-garten.de\/wp-content\/uploads\/2023\/08\/IMG_0343-1152x1536.jpg 1152w, https:\/\/www.boehmischer-garten.de\/wp-content\/uploads\/2023\/08\/IMG_0343.jpg 1512w\" sizes=\"auto, (max-width: 768px) 100vw, 768px\" \/><figcaption class=\"wp-element-caption\">Satan<\/figcaption><\/figure>\n\n\n\n<figure class=\"wp-block-image size-large\"><img loading=\"lazy\" decoding=\"async\" width=\"768\" height=\"1024\" data-id=\"237\" src=\"https:\/\/www.boehmischer-garten.de\/wp-content\/uploads\/2023\/08\/IMG_1656.jpg\" alt=\"\" class=\"wp-image-237\" srcset=\"https:\/\/www.boehmischer-garten.de\/wp-content\/uploads\/2023\/08\/IMG_1656.jpg 768w, https:\/\/www.boehmischer-garten.de\/wp-content\/uploads\/2023\/08\/IMG_1656-225x300.jpg 225w\" sizes=\"auto, (max-width: 768px) 100vw, 768px\" \/><figcaption class=\"wp-element-caption\">Laskonka<\/figcaption><\/figure>\n\n\n\n<figure class=\"wp-block-image size-large\"><img loading=\"lazy\" decoding=\"async\" width=\"768\" height=\"1024\" data-id=\"234\" src=\"https:\/\/www.boehmischer-garten.de\/wp-content\/uploads\/2023\/08\/IMG_1985.jpg\" alt=\"\" class=\"wp-image-234\" srcset=\"https:\/\/www.boehmischer-garten.de\/wp-content\/uploads\/2023\/08\/IMG_1985.jpg 768w, https:\/\/www.boehmischer-garten.de\/wp-content\/uploads\/2023\/08\/IMG_1985-225x300.jpg 225w\" sizes=\"auto, (max-width: 768px) 100vw, 768px\" \/><figcaption class=\"wp-element-caption\">Chlebi\u010dky<\/figcaption><\/figure>\n\n\n\n<figure class=\"wp-block-image size-full\"><img loading=\"lazy\" decoding=\"async\" width=\"336\" height=\"448\" data-id=\"230\" src=\"https:\/\/www.boehmischer-garten.de\/wp-content\/uploads\/2023\/08\/IMG_4437_kl-rotated.jpg\" alt=\"\" class=\"wp-image-230\" srcset=\"https:\/\/www.boehmischer-garten.de\/wp-content\/uploads\/2023\/08\/IMG_4437_kl-rotated.jpg 336w, https:\/\/www.boehmischer-garten.de\/wp-content\/uploads\/2023\/08\/IMG_4437_kl-225x300.jpg 225w\" sizes=\"auto, (max-width: 336px) 100vw, 336px\" \/><figcaption class=\"wp-element-caption\">Pln\u011bn\u00e1 ku\u0159ec\u00ed rol\u00e1da<\/figcaption><\/figure>\n\n\n\n<figure class=\"wp-block-image size-full\"><img loading=\"lazy\" decoding=\"async\" width=\"768\" height=\"1024\" data-id=\"243\" src=\"https:\/\/www.boehmischer-garten.de\/wp-content\/uploads\/2023\/08\/IMG_0818-2-rotated.jpg\" alt=\"\" class=\"wp-image-243\" srcset=\"https:\/\/www.boehmischer-garten.de\/wp-content\/uploads\/2023\/08\/IMG_0818-2-rotated.jpg 768w, https:\/\/www.boehmischer-garten.de\/wp-content\/uploads\/2023\/08\/IMG_0818-2-225x300.jpg 225w\" sizes=\"auto, (max-width: 768px) 100vw, 768px\" \/><\/figure>\n\n\n\n<figure class=\"wp-block-image size-large\"><img loading=\"lazy\" decoding=\"async\" width=\"768\" height=\"844\" data-id=\"233\" src=\"https:\/\/www.boehmischer-garten.de\/wp-content\/uploads\/2023\/08\/IMG_2956.jpg\" alt=\"\" class=\"wp-image-233\" srcset=\"https:\/\/www.boehmischer-garten.de\/wp-content\/uploads\/2023\/08\/IMG_2956.jpg 768w, https:\/\/www.boehmischer-garten.de\/wp-content\/uploads\/2023\/08\/IMG_2956-273x300.jpg 273w\" sizes=\"auto, (max-width: 768px) 100vw, 768px\" \/><figcaption class=\"wp-element-caption\">J\u00f3kai<\/figcaption><\/figure>\n\n\n\n<figure class=\"wp-block-image size-large\"><img loading=\"lazy\" decoding=\"async\" width=\"768\" height=\"1024\" data-id=\"239\" src=\"https:\/\/www.boehmischer-garten.de\/wp-content\/uploads\/2023\/08\/IMG_4462-768x1024.jpg\" alt=\"\" class=\"wp-image-239\" srcset=\"https:\/\/www.boehmischer-garten.de\/wp-content\/uploads\/2023\/08\/IMG_4462-768x1023.jpg 768w, https:\/\/www.boehmischer-garten.de\/wp-content\/uploads\/2023\/08\/IMG_4462-225x300.jpg 225w, https:\/\/www.boehmischer-garten.de\/wp-content\/uploads\/2023\/08\/IMG_4462-1153x1536.jpg 1153w, https:\/\/www.boehmischer-garten.de\/wp-content\/uploads\/2023\/08\/IMG_4462.jpg 1308w\" sizes=\"auto, (max-width: 768px) 100vw, 768px\" \/><figcaption class=\"wp-element-caption\">Losos s \u010do\u010dkov\u00fdm sal\u00e1tem<\/figcaption><\/figure>\n\n\n\n<figure class=\"wp-block-image size-large\"><img loading=\"lazy\" decoding=\"async\" width=\"768\" height=\"1024\" data-id=\"240\" src=\"https:\/\/www.boehmischer-garten.de\/wp-content\/uploads\/2023\/08\/IMG_4740-768x1024.jpg\" alt=\"\" class=\"wp-image-240\" srcset=\"https:\/\/www.boehmischer-garten.de\/wp-content\/uploads\/2023\/08\/IMG_4740-768x1024.jpg 768w, https:\/\/www.boehmischer-garten.de\/wp-content\/uploads\/2023\/08\/IMG_4740-225x300.jpg 225w, https:\/\/www.boehmischer-garten.de\/wp-content\/uploads\/2023\/08\/IMG_4740-1152x1536.jpg 1152w, https:\/\/www.boehmischer-garten.de\/wp-content\/uploads\/2023\/08\/IMG_4740.jpg 1512w\" sizes=\"auto, (max-width: 768px) 100vw, 768px\" \/><figcaption class=\"wp-element-caption\">Ka\u0165ak <\/figcaption><\/figure>\n\n\n\n<figure class=\"wp-block-image size-large\"><img loading=\"lazy\" decoding=\"async\" width=\"1024\" height=\"890\" data-id=\"238\" src=\"https:\/\/www.boehmischer-garten.de\/wp-content\/uploads\/2023\/08\/Marillen_Teller-1024x890.jpg\" alt=\"\" class=\"wp-image-238\" srcset=\"https:\/\/www.boehmischer-garten.de\/wp-content\/uploads\/2023\/08\/Marillen_Teller-1024x890.jpg 1024w, https:\/\/www.boehmischer-garten.de\/wp-content\/uploads\/2023\/08\/Marillen_Teller-300x261.jpg 300w, https:\/\/www.boehmischer-garten.de\/wp-content\/uploads\/2023\/08\/Marillen_Teller-768x668.jpg 768w, https:\/\/www.boehmischer-garten.de\/wp-content\/uploads\/2023\/08\/Marillen_Teller.jpg 1225w\" sizes=\"auto, (max-width: 1024px) 100vw, 1024px\" \/><figcaption class=\"wp-element-caption\">Meru\u0148kov\u00fd knedl\u00edk<\/figcaption><\/figure>\n<\/figure>\n","protected":false},"excerpt":{"rendered":"<p>Unser Restaurant Wir freuen uns, dass Sie unser Restaurant B\u00f6hmischer Garten besuchen wollen. Bei uns bekommen Sie die ganze Vielfalt der \u00f6sterreichisch-ungarischen K\u00fcche, denn wir wechseln cca. alle 2 Monate die Speisekarte. Unser Restaurant bietet 24 Pl\u00e4tze im Innenraum und ca. 20 Pl\u00e4tze im Garten. Daher ist es nur m\u00f6glich bis max. 6 Personen vorzubestellen. [&hellip;]<\/p>\n","protected":false},"author":1,"featured_media":0,"parent":0,"menu_order":0,"comment_status":"closed","ping_status":"closed","template":"","meta":{"footnotes":""},"class_list":["post-17","page","type-page","status-publish","hentry"],"aioseo_notices":[],"_links":{"self":[{"href":"https:\/\/www.boehmischer-garten.de\/index.php\/wp-json\/wp\/v2\/pages\/17","targetHints":{"allow":["GET"]}}],"collection":[{"href":"https:\/\/www.boehmischer-garten.de\/index.php\/wp-json\/wp\/v2\/pages"}],"about":[{"href":"https:\/\/www.boehmischer-garten.de\/index.php\/wp-json\/wp\/v2\/types\/page"}],"author":[{"embeddable":true,"href":"https:\/\/www.boehmischer-garten.de\/index.php\/wp-json\/wp\/v2\/users\/1"}],"replies":[{"embeddable":true,"href":"https:\/\/www.boehmischer-garten.de\/index.php\/wp-json\/wp\/v2\/comments?post=17"}],"version-history":[{"count":13,"href":"https:\/\/www.boehmischer-garten.de\/index.php\/wp-json\/wp\/v2\/pages\/17\/revisions"}],"predecessor-version":[{"id":606,"href":"https:\/\/www.boehmischer-garten.de\/index.php\/wp-json\/wp\/v2\/pages\/17\/revisions\/606"}],"wp:attachment":[{"href":"https:\/\/www.boehmischer-garten.de\/index.php\/wp-json\/wp\/v2\/media?parent=17"}],"curies":[{"name":"wp","href":"https:\/\/api.w.org\/{rel}","templated":true}]}}