{"id":18,"date":"2023-08-14T17:24:31","date_gmt":"2023-08-14T17:24:31","guid":{"rendered":"https:\/\/www.boehmischer-garten.de\/?page_id=18"},"modified":"2026-03-01T11:55:30","modified_gmt":"2026-03-01T11:55:30","slug":"speisekarte","status":"publish","type":"page","link":"https:\/\/www.boehmischer-garten.de\/index.php\/speisekarte\/","title":{"rendered":"Speisekarte"},"content":{"rendered":"\n<p><em>g\u00fcltig ab <\/em>01.03.2026<\/p>\n\n\n\n<h3 class=\"wp-block-heading\"><em>Kleinigkeiten zum Bier und Vorspeisen<\/em><\/h3>\n\n\n\n<div class=\"wp-block-columns is-layout-flex wp-container-core-columns-is-layout-9d6595d7 wp-block-columns-is-layout-flex\">\n<div class=\"wp-block-column is-layout-flow wp-block-column-is-layout-flow\" style=\"flex-basis:50%\"><\/div>\n\n\n\n<div class=\"wp-block-column is-layout-flow wp-block-column-is-layout-flow\" style=\"flex-basis:50%\"><\/div>\n<\/div>\n\n\n\n<figure class=\"wp-block-table\"><table class=\"has-fixed-layout\"><tbody><tr><td><em><strong>Satan<\/strong><br>Knoblauchbrot \/ Hackfleisch \/ K\u00e4se \/ pikant<\/em><\/td><td class=\"has-text-align-right\" data-align=\"right\"><br><em>8,20 \u20ac<\/em><br><\/td><\/tr><tr><td><em><strong>Topinky<\/strong><br>Knoblauchbrot<\/em><\/td><td class=\"has-text-align-right\" data-align=\"right\"><em>4,00 \u20ac<\/em><\/td><\/tr><\/tbody><\/table><\/figure>\n\n\n\n<h3 class=\"wp-block-heading\"><em>Salate<\/em><\/h3>\n\n\n\n<figure class=\"wp-block-table\"><table class=\"has-fixed-layout\"><tbody><tr><td><strong><em><strong><em><strong><em>Rote Beete Salat mit Meerrettich<\/em><\/strong><\/em><\/strong><\/em><\/strong><\/td><td class=\"has-text-align-right\" data-align=\"right\"><em>&nbsp;5,20 \u20ac<\/em><\/td><\/tr><tr><td><strong><em>Wei\u00dfkraut Salat<\/em><\/strong><\/td><td class=\"has-text-align-right\" data-align=\"right\"><em>4,90 \u20ac<\/em><\/td><\/tr><\/tbody><\/table><\/figure>\n\n\n\n<h3 class=\"wp-block-heading\"><em>Suppe<\/em><\/h3>\n\n\n\n<figure class=\"wp-block-table\"><table class=\"has-fixed-layout\"><tbody><tr><td><strong><em>Fleischbr\u00fche mit Celestine<\/em><\/strong><\/td><td class=\"has-text-align-right\" data-align=\"right\"><em>klein\u00a0 \u00a05,50 \u20ac<\/em><em style=\"text-align: start; white-space: normal;\">\u00a0<\/em><br><\/td><\/tr><tr><td><em>Rinderbr\u00fche \/ Suppengem\u00fcse \/ Pfannkuchenstreifen<\/em><\/td><td class=\"has-text-align-right\" data-align=\"right\">gro\u00df \u00a0 \u00a0 7,80 \u20ac<br><\/td><\/tr><\/tbody><\/table><\/figure>\n\n\n\n<h3 class=\"wp-block-heading\"><em>Vegetarische Gerichte<\/em><\/h3>\n\n\n\n<figure class=\"wp-block-table\"><table class=\"has-fixed-layout\"><tbody><tr><td><strong><em>Pilzgulasch<\/em><\/strong> &nbsp; &nbsp; &nbsp; &nbsp; &nbsp; <br><em>Pilzrahmso\u00dfe \/ B\u00f6hmische Kn\u00f6del &nbsp;<\/em><\/td><td class=\"has-text-align-right\" data-align=\"right\">&nbsp;<em>16,80 \u20ac<\/em><\/td><\/tr><tr><td><strong><em>Koprovka<\/em><\/strong><br><em>Dillrahmso\u00dfe \/ B\u00f6hmische Kn\u00f6del &amp; 2 Stk. Spiegeleiern<\/em><\/td><td class=\"has-text-align-right\" data-align=\"right\"><em>15,90 \u20ac<\/em><\/td><\/tr><\/tbody><\/table><\/figure>\n\n\n\n<h3 class=\"wp-block-heading\"><em>Hauptgerichte<\/em><\/h3>\n\n\n\n<figure class=\"wp-block-table\"><table class=\"has-fixed-layout\"><tbody><tr><td class=\"has-text-align-left\" data-align=\"left\"><strong><em>Sv\u00ed\u010dkov\u00e1 na smetan\u011b<\/em><\/strong><br><em>Rind \/ Wurzelgem\u00fcserahmso\u00dfe \/ Preiselbeere \/ B\u00f6hmische Kn\u00f6del\u00a0<\/em><\/td><td class=\"has-text-align-right\" data-align=\"right\">\u00a0<em>21,90 \u20ac<\/em><\/td><\/tr><tr><td class=\"has-text-align-left\" data-align=\"left\"><strong><em>Tafelspitz<\/em><\/strong><br><em>Rind \/ Meerrettichrahmso\u00dfe \/ B\u00f6hmischeKn\u00f6del<\/em><\/td><td class=\"has-text-align-right\" data-align=\"right\"><em>21,90 \u20ac<\/em><\/td><\/tr><tr><td class=\"has-text-align-left\" data-align=\"left\"><strong><em>Ma\u010farsky gul\u00e1\u0161<\/em><\/strong><br><em>Rindergulasch ungarische Art \/ Le\u010do \/ B\u00f6hmische Kn\u00f6del \/ pikant<\/em><\/td><td class=\"has-text-align-right\" data-align=\"right\"><em>21,90 \u20ac<\/em><\/td><\/tr><tr><td class=\"has-text-align-left\" data-align=\"left\"><strong><em>Koprovka<\/em><\/strong><em>\u00a0<\/em><br><em>Dillrahmso\u00dfe \/ B\u00f6hmische Kn\u00f6del \/ Rindergulasch<\/em><\/td><td class=\"has-text-align-right\" data-align=\"right\"><em>18,80 \u20ac<\/em><\/td><\/tr><tr><td class=\"has-text-align-left\" data-align=\"left\"><strong><em>Kotl\u00edkov\u00fd gul\u00e1\u0161<\/em><\/strong><br><em>Kesselgulasch \/ Schwein \/ Gem\u00fcse \/ Kartoffeln \/ Brot<\/em><\/td><td class=\"has-text-align-right\" data-align=\"right\"><em style=\"text-align: start; white-space: normal;\">19,90 \u20ac<\/em><\/td><\/tr><tr><td class=\"has-text-align-left\" data-align=\"left\"><strong><em>Schweinesteak mit Gem\u00fcse<\/em><\/strong><br><em>Schweinenackensteak \/ Pfannengem\u00fcse \/ Kr\u00e4uterbutter<\/em><\/td><td class=\"has-text-align-right\" data-align=\"right\"><em>19,80 \u20ac<\/em><\/td><\/tr><tr><td class=\"has-text-align-left\" data-align=\"left\"><strong><em>Prager Schnitzel<\/em><\/strong> &nbsp; &nbsp; &nbsp; &nbsp; &nbsp; &nbsp; <strong><br><\/strong><em>Schweineschnitzel \/ Bratkartoffeln<\/em><\/td><td class=\"has-text-align-right\" data-align=\"right\"><em>18,80 \u20ac<\/em><\/td><\/tr><tr><td class=\"has-text-align-left\" data-align=\"left\">                                             <strong><em>mit 2 Stk. Spiegeleiern<\/em><\/strong><\/td><td class=\"has-text-align-right\" data-align=\"right\"><em>19,80 \u20ac<\/em><\/td><\/tr><\/tbody><\/table><\/figure>\n\n\n\n<h3 class=\"wp-block-heading\"><em>Dessert<\/em><\/h3>\n\n\n\n<figure class=\"wp-block-table\"><table class=\"has-fixed-layout\"><tbody><tr><td><em><strong>Pala\u010dinky<\/strong><br>Eierkuchen \/ Vanilleeis \/ Schokoso\u00dfe<\/em><\/td><td class=\"has-text-align-right\" data-align=\"right\"><em>8,50 \u20ac<\/em><\/td><\/tr><tr><td><strong><em>1 Kugel Vanilleeis<\/em><\/strong><\/td><td class=\"has-text-align-right\" data-align=\"right\"><em>3,50 \u20ac<\/em><\/td><\/tr><\/tbody><\/table><\/figure>\n\n\n\n<h3 class=\"wp-block-heading\"><em>Beilagen und Extras<\/em><\/h3>\n\n\n\n<figure class=\"wp-block-table\"><table class=\"has-fixed-layout\"><tbody><tr><td><em><strong>\u00c4nderung der Beilage <\/strong><\/em><\/td><td class=\"has-text-align-right\" data-align=\"right\"><em>2,00\u20ac<\/em><\/td><\/tr><tr><td><strong><em>So\u00dfe extra&nbsp;<\/em><\/strong><\/td><td class=\"has-text-align-right\" data-align=\"right\"><em>5,50 \u20ac<\/em><\/td><\/tr><tr><td><strong><em>B\u00f6hmische Kn\u00f6del<\/em><\/strong><\/td><td class=\"has-text-align-right\" data-align=\"right\"><em>5,00 \u20ac<\/em><\/td><\/tr><tr><td><strong><em>Brot<\/em><\/strong><\/td><td class=\"has-text-align-right\" data-align=\"right\"><em>1,50 \u20ac<\/em><\/td><\/tr><\/tbody><\/table><\/figure>\n\n\n\n<p><strong>Erl\u00e4uterungen zu gesetzlichen vorgeschriebenen Kennzeichnungen:<\/strong><br>Finden Sie in unserer Extra-Karte, bitte fragen Sie unsere Servicemitarbeiter.<\/p>\n\n\n\n<p><strong>Alle Preise inkl. gesetzlicher MwSt.<\/strong><br><\/p>\n\n\n\n<p><\/p>\n","protected":false},"excerpt":{"rendered":"<p>g\u00fcltig ab 01.03.2026 Kleinigkeiten zum Bier und Vorspeisen SatanKnoblauchbrot \/ Hackfleisch \/ K\u00e4se \/ pikant 8,20 \u20ac TopinkyKnoblauchbrot 4,00 \u20ac Salate Rote Beete Salat mit Meerrettich &nbsp;5,20 \u20ac Wei\u00dfkraut Salat 4,90 \u20ac Suppe Fleischbr\u00fche mit Celestine klein\u00a0 \u00a05,50 \u20ac\u00a0 Rinderbr\u00fche \/ Suppengem\u00fcse \/ Pfannkuchenstreifen gro\u00df \u00a0 \u00a0 7,80 \u20ac Vegetarische Gerichte Pilzgulasch &nbsp; &nbsp; &nbsp; [&hellip;]<\/p>\n","protected":false},"author":1,"featured_media":0,"parent":0,"menu_order":0,"comment_status":"closed","ping_status":"closed","template":"","meta":{"footnotes":""},"class_list":["post-18","page","type-page","status-publish","hentry"],"aioseo_notices":[],"_links":{"self":[{"href":"https:\/\/www.boehmischer-garten.de\/index.php\/wp-json\/wp\/v2\/pages\/18","targetHints":{"allow":["GET"]}}],"collection":[{"href":"https:\/\/www.boehmischer-garten.de\/index.php\/wp-json\/wp\/v2\/pages"}],"about":[{"href":"https:\/\/www.boehmischer-garten.de\/index.php\/wp-json\/wp\/v2\/types\/page"}],"author":[{"embeddable":true,"href":"https:\/\/www.boehmischer-garten.de\/index.php\/wp-json\/wp\/v2\/users\/1"}],"replies":[{"embeddable":true,"href":"https:\/\/www.boehmischer-garten.de\/index.php\/wp-json\/wp\/v2\/comments?post=18"}],"version-history":[{"count":55,"href":"https:\/\/www.boehmischer-garten.de\/index.php\/wp-json\/wp\/v2\/pages\/18\/revisions"}],"predecessor-version":[{"id":682,"href":"https:\/\/www.boehmischer-garten.de\/index.php\/wp-json\/wp\/v2\/pages\/18\/revisions\/682"}],"wp:attachment":[{"href":"https:\/\/www.boehmischer-garten.de\/index.php\/wp-json\/wp\/v2\/media?parent=18"}],"curies":[{"name":"wp","href":"https:\/\/api.w.org\/{rel}","templated":true}]}}