{"id":20,"date":"2023-08-14T17:24:31","date_gmt":"2023-08-14T17:24:31","guid":{"rendered":"https:\/\/www.boehmischer-garten.de\/?page_id=20"},"modified":"2025-01-17T18:20:37","modified_gmt":"2025-01-17T18:20:37","slug":"spezialitaeten","status":"publish","type":"page","link":"https:\/\/www.boehmischer-garten.de\/index.php\/spezialitaeten\/","title":{"rendered":"Unsere Spezialit\u00e4ten"},"content":{"rendered":"\n<div class=\"wp-block-columns is-layout-flex wp-container-core-columns-is-layout-9d6595d7 wp-block-columns-is-layout-flex\">\n<div class=\"wp-block-column is-layout-flow wp-block-column-is-layout-flow\" style=\"flex-basis:33.33%\">\n<figure class=\"wp-block-image size-full\"><img loading=\"lazy\" decoding=\"async\" width=\"245\" height=\"138\" src=\"https:\/\/www.boehmischer-garten.de\/wp-content\/uploads\/2023\/08\/img_bildlink-04.png\" alt=\"Tatratea\" class=\"wp-image-71\"\/><\/figure>\n<\/div>\n\n\n\n<div class=\"wp-block-column is-layout-flow wp-block-column-is-layout-flow\" style=\"flex-basis:66.66%\">\n<h2 class=\"wp-block-heading\">Tatratea<\/h2>\n\n\n\n<p>Tatratea ist ein Lik\u00f6r, der auf Tee basiert. Der Tatratea Kr\u00e4uterlik\u00f6r enth\u00e4lt nur nat\u00fcrlichen Inhaltsstoffen. Wir bieten 3 Serien mit unterschiedlichen Geschmacksrichtungen an.<\/p>\n<\/div>\n<\/div>\n\n\n\n<h3 class=\"wp-block-heading\">TATRATEA I. SERIES<\/h3>\n\n\n\n<ul class=\"wp-block-list\">\n<li>22% COCONUT &#8211; angereichert mit Extrakten aus wei\u00dfem Tee und Kokusnuss<\/li>\n\n\n\n<li>32% CITRUS &#8211; angereichert mit Extrakten aus Zitrusfr\u00fcchten (Limette und Zitrone)<\/li>\n\n\n\n<li>42% PEACH &amp; WHITE &#8211; angereichert mit Extrakten aus Pfirsich und wei\u00dfem Tee<\/li>\n\n\n\n<li>52% ORIGINAL &#8211; angereichert mit Extrakten aus Schwarztee, Kr\u00e4utern, Fruchtdestillaten und Himbeeren<\/li>\n\n\n\n<li>62% FOREST FRUIT &#8211; angereichert mit Extrakten aus Waldfr\u00fcchten (Erdbeere, Himbeere, Heidelbeere und Blaubeere)<\/li>\n\n\n\n<li>72% OUTLAW &#8211; angereichert mit Extrakten aus der Cinchonapflanze<\/li>\n<\/ul>\n\n\n\n<h3 class=\"wp-block-heading\">TATRATEA II. SERIES<\/h3>\n\n\n\n<ul class=\"wp-block-list\">\n<li>17% MILK &amp; TEA &#8211; erste Milchcreme angereichert mit Extrakten aus Tee und Kr\u00e4utern<\/li>\n\n\n\n<li>27% ACAI &amp; ARONIA &#8211; &#8222;Creae de aronia&#8220; angereichert mit Extrakten aus Acai und Tee<\/li>\n\n\n\n<li>37% HIBISCUS &amp; RED TEA &#8211; angereichert mit Extrakten aus rotem Tee und Sauerkirschen<\/li>\n<\/ul>\n\n\n\n<h3 class=\"wp-block-heading\">TATRATEA HEALTHY SERIES<\/h3>\n\n\n\n<ul class=\"wp-block-list\">\n<li>35% HERBAL TEA DIGESTIF &#8211; Kr\u00e4uter-Digestif auf Teebasis, ohne Zucker, angereichert mit Extrakten aus Feigen und Stevia<\/li>\n\n\n\n<li>35% TEA BITTER &#8211; Erster Kr\u00e4uterbitter auf Teebasis, ohne Zucker, angereichert mit Extrakten aus Feigen und Stevia<\/li>\n\n\n\n<li><\/li>\n<\/ul>\n\n\n\n<div class=\"wp-block-columns is-layout-flex wp-container-core-columns-is-layout-9d6595d7 wp-block-columns-is-layout-flex\">\n<div class=\"wp-block-column is-layout-flow wp-block-column-is-layout-flow\" style=\"flex-basis:33.33%\">\n<figure class=\"wp-block-image size-full\"><img loading=\"lazy\" decoding=\"async\" width=\"245\" height=\"245\" src=\"https:\/\/www.boehmischer-garten.de\/wp-content\/uploads\/2023\/09\/img_bildspezial-kofola.jpg\" alt=\"Kofola\" class=\"wp-image-249\" srcset=\"https:\/\/www.boehmischer-garten.de\/wp-content\/uploads\/2023\/09\/img_bildspezial-kofola.jpg 245w, https:\/\/www.boehmischer-garten.de\/wp-content\/uploads\/2023\/09\/img_bildspezial-kofola-150x150.jpg 150w\" sizes=\"auto, (max-width: 245px) 100vw, 245px\" \/><\/figure>\n<\/div>\n\n\n\n<div class=\"wp-block-column is-layout-flow wp-block-column-is-layout-flow\" style=\"flex-basis:66.66%\">\n<h2 class=\"wp-block-heading\">Kofola<\/h2>\n\n\n\n<p>Kofola entstand beim tschechoslowakischen Pharmaunternehmen Galena in den fr\u00fchen 1960ern. Die Firma forschte damals nach einem Verwendungszweck f\u00fcr den \u00dcberschuss an Koffein, der bei der Kaffeer\u00f6stung entstand. Das Forschungsergebnis war Kofo, ein dunkler, s\u00fc\u00df-s\u00e4uerlich schmeckender Sirup, der zum Hauptbestandteil des 1962 erstmals verkauften neuen Softdrinks Kofola werden sollte.W\u00e4hrend der 1960er und 1970er Jahre wurde Kofola in der Tschechoslowakei \u00e4u\u00dferst beliebt, stellte es doch einen Ersatz f\u00fcr die meist nicht erh\u00e4ltlichen Westprodukte.<br><br>Kofo-Sirup, der Hauptbestandteil von Kofola, besteht aus 14 nat\u00fcrlichen Inhaltsstoffen (darunter Apfel-, Kirsch-, Johannisbeer-Extrakte, Kr\u00e4uter-Aromen, Zucker und Karamell). Im Vergleich mit Pepsi oder Coca-Cola enth\u00e4lt Kofola 20 % weniger Zucker und keine Phosphors\u00e4ure.<\/p>\n<\/div>\n<\/div>\n\n\n\n<div class=\"wp-block-columns is-layout-flex wp-container-core-columns-is-layout-9d6595d7 wp-block-columns-is-layout-flex\">\n<div class=\"wp-block-column is-layout-flow wp-block-column-is-layout-flow\" style=\"flex-basis:33.33%\">\n<figure class=\"wp-block-image size-full\"><img loading=\"lazy\" decoding=\"async\" width=\"245\" height=\"245\" src=\"https:\/\/www.boehmischer-garten.de\/wp-content\/uploads\/2023\/09\/img_bildspezial-vinea.jpg\" alt=\"\" class=\"wp-image-250\" srcset=\"https:\/\/www.boehmischer-garten.de\/wp-content\/uploads\/2023\/09\/img_bildspezial-vinea.jpg 245w, https:\/\/www.boehmischer-garten.de\/wp-content\/uploads\/2023\/09\/img_bildspezial-vinea-150x150.jpg 150w\" sizes=\"auto, (max-width: 245px) 100vw, 245px\" \/><\/figure>\n<\/div>\n\n\n\n<div class=\"wp-block-column is-layout-flow wp-block-column-is-layout-flow\" style=\"flex-basis:66.66%\">\n<h2 class=\"wp-block-heading\">Vinea<\/h2>\n\n\n\n<p>Vinea die slowakische Kultmarke, ist eine Traubenlimonade. Sie wird aus Weintrauben hergestellt und mit Kohlens\u00e4ure zu einem beliebten Durstl\u00f6scher.<\/p>\n<\/div>\n<\/div>\n\n\n\n<div class=\"wp-block-columns is-layout-flex wp-container-core-columns-is-layout-9d6595d7 wp-block-columns-is-layout-flex\"><\/div>\n","protected":false},"excerpt":{"rendered":"<p>Tatratea Tatratea ist ein Lik\u00f6r, der auf Tee basiert. Der Tatratea Kr\u00e4uterlik\u00f6r enth\u00e4lt nur nat\u00fcrlichen Inhaltsstoffen. Wir bieten 3 Serien mit unterschiedlichen Geschmacksrichtungen an. TATRATEA I. SERIES TATRATEA II. SERIES TATRATEA HEALTHY SERIES Kofola Kofola entstand beim tschechoslowakischen Pharmaunternehmen Galena in den fr\u00fchen 1960ern. Die Firma forschte damals nach einem Verwendungszweck f\u00fcr den \u00dcberschuss an [&hellip;]<\/p>\n","protected":false},"author":3,"featured_media":0,"parent":0,"menu_order":0,"comment_status":"closed","ping_status":"closed","template":"","meta":{"footnotes":""},"class_list":["post-20","page","type-page","status-publish","hentry"],"aioseo_notices":[],"_links":{"self":[{"href":"https:\/\/www.boehmischer-garten.de\/index.php\/wp-json\/wp\/v2\/pages\/20","targetHints":{"allow":["GET"]}}],"collection":[{"href":"https:\/\/www.boehmischer-garten.de\/index.php\/wp-json\/wp\/v2\/pages"}],"about":[{"href":"https:\/\/www.boehmischer-garten.de\/index.php\/wp-json\/wp\/v2\/types\/page"}],"author":[{"embeddable":true,"href":"https:\/\/www.boehmischer-garten.de\/index.php\/wp-json\/wp\/v2\/users\/3"}],"replies":[{"embeddable":true,"href":"https:\/\/www.boehmischer-garten.de\/index.php\/wp-json\/wp\/v2\/comments?post=20"}],"version-history":[{"count":11,"href":"https:\/\/www.boehmischer-garten.de\/index.php\/wp-json\/wp\/v2\/pages\/20\/revisions"}],"predecessor-version":[{"id":687,"href":"https:\/\/www.boehmischer-garten.de\/index.php\/wp-json\/wp\/v2\/pages\/20\/revisions\/687"}],"wp:attachment":[{"href":"https:\/\/www.boehmischer-garten.de\/index.php\/wp-json\/wp\/v2\/media?parent=20"}],"curies":[{"name":"wp","href":"https:\/\/api.w.org\/{rel}","templated":true}]}}