{"id":538,"date":"2025-01-27T08:27:04","date_gmt":"2025-01-27T08:27:04","guid":{"rendered":"https:\/\/www.boehmischer-garten.de\/?page_id=538"},"modified":"2026-02-17T14:52:22","modified_gmt":"2026-02-17T14:52:22","slug":"platz-fuer-ihre-naechste-feier","status":"publish","type":"page","link":"https:\/\/www.boehmischer-garten.de\/index.php\/platz-fuer-ihre-naechste-feier\/","title":{"rendered":"Platz f\u00fcr Ihre n\u00e4chste Feier"},"content":{"rendered":"\n<figure class=\"wp-block-image size-large\"><img loading=\"lazy\" decoding=\"async\" width=\"768\" height=\"1024\" src=\"https:\/\/www.boehmischer-garten.de\/wp-content\/uploads\/2025\/01\/DD868EC0-BDE0-474D-AA5E-D428C9DCE05B-768x1024.jpeg\" alt=\"\" class=\"wp-image-539\" srcset=\"https:\/\/www.boehmischer-garten.de\/wp-content\/uploads\/2025\/01\/DD868EC0-BDE0-474D-AA5E-D428C9DCE05B-768x1024.jpeg 768w, https:\/\/www.boehmischer-garten.de\/wp-content\/uploads\/2025\/01\/DD868EC0-BDE0-474D-AA5E-D428C9DCE05B-225x300.jpeg 225w, https:\/\/www.boehmischer-garten.de\/wp-content\/uploads\/2025\/01\/DD868EC0-BDE0-474D-AA5E-D428C9DCE05B-1152x1536.jpeg 1152w, https:\/\/www.boehmischer-garten.de\/wp-content\/uploads\/2025\/01\/DD868EC0-BDE0-474D-AA5E-D428C9DCE05B-1536x2048.jpeg 1536w, https:\/\/www.boehmischer-garten.de\/wp-content\/uploads\/2025\/01\/DD868EC0-BDE0-474D-AA5E-D428C9DCE05B-scaled.jpeg 1920w\" sizes=\"auto, (max-width: 768px) 100vw, 768px\" \/><\/figure>\n\n\n\n<p><strong>Sehr geehrte G\u00e4ste,<\/strong><\/p>\n\n\n\n<p>Es gibt immer wieder die speziellen Tage, die man gerne mit der Familie, Freunden, Bekannten oder Kollegen in netter Runde verbringen m\u00f6chte.<\/p>\n\n\n\n<p>Wir bieten Gruppen von 10 bis 16 Personen gerne die M\u00f6glichkeit, samstags ihre Feiern bei uns im B\u00f6hmischen Garten auszurichten. <\/p>\n\n\n\n<p>Sprechen Sie uns gerne einfach an.<\/p>\n\n\n\n<p>Ihre Familie Mudry<\/p>\n\n\n\n<p>Reserviert: 21.3.26 \/ 11.7.26<\/p>\n\n\n\n<p><\/p>\n","protected":false},"excerpt":{"rendered":"<p>Sehr geehrte G\u00e4ste, Es gibt immer wieder die speziellen Tage, die man gerne mit der Familie, Freunden, Bekannten oder Kollegen in netter Runde verbringen m\u00f6chte. Wir bieten Gruppen von 10 bis 16 Personen gerne die M\u00f6glichkeit, samstags ihre Feiern bei uns im B\u00f6hmischen Garten auszurichten. Sprechen Sie uns gerne einfach an. Ihre Familie Mudry Reserviert: [&hellip;]<\/p>\n","protected":false},"author":3,"featured_media":0,"parent":0,"menu_order":0,"comment_status":"closed","ping_status":"closed","template":"","meta":{"footnotes":""},"class_list":["post-538","page","type-page","status-publish","hentry"],"aioseo_notices":[],"_links":{"self":[{"href":"https:\/\/www.boehmischer-garten.de\/index.php\/wp-json\/wp\/v2\/pages\/538","targetHints":{"allow":["GET"]}}],"collection":[{"href":"https:\/\/www.boehmischer-garten.de\/index.php\/wp-json\/wp\/v2\/pages"}],"about":[{"href":"https:\/\/www.boehmischer-garten.de\/index.php\/wp-json\/wp\/v2\/types\/page"}],"author":[{"embeddable":true,"href":"https:\/\/www.boehmischer-garten.de\/index.php\/wp-json\/wp\/v2\/users\/3"}],"replies":[{"embeddable":true,"href":"https:\/\/www.boehmischer-garten.de\/index.php\/wp-json\/wp\/v2\/comments?post=538"}],"version-history":[{"count":9,"href":"https:\/\/www.boehmischer-garten.de\/index.php\/wp-json\/wp\/v2\/pages\/538\/revisions"}],"predecessor-version":[{"id":678,"href":"https:\/\/www.boehmischer-garten.de\/index.php\/wp-json\/wp\/v2\/pages\/538\/revisions\/678"}],"wp:attachment":[{"href":"https:\/\/www.boehmischer-garten.de\/index.php\/wp-json\/wp\/v2\/media?parent=538"}],"curies":[{"name":"wp","href":"https:\/\/api.w.org\/{rel}","templated":true}]}}